{"id":986,"date":"2021-09-29T11:22:29","date_gmt":"2021-09-29T09:22:29","guid":{"rendered":"https:\/\/www.sulzersud.it\/?page_id=986"},"modified":"2021-11-09T12:34:38","modified_gmt":"2021-11-09T10:34:38","slug":"company","status":"publish","type":"page","link":"https:\/\/www.sulzersud.it\/en\/company\/","title":{"rendered":"COMPANY"},"content":{"rendered":"<p>[vc_row full_width=&#8221;stretch_row_content_no_spaces&#8221; css=&#8221;.vc_custom_1525334762258{margin: 0px !important;border-width: 0px !important;padding: 0px !important;}&#8221;][vc_column css=&#8221;.vc_custom_1525334756751{margin: 0px !important;border-width: 0px !important;padding: 0px !important;}&#8221;][rev_slider_vc alias=&#8221;azienda_en&#8221;][\/vc_column][\/vc_row][vc_row gap=&#8221;20&#8243; css=&#8221;.vc_custom_1525257111085{padding-top: 80px !important;padding-bottom: 60px !important;}&#8221;][vc_column width=&#8221;1\/2&#8243;][vc_column_text css=&#8221;.vc_custom_1629907604354{margin-bottom: 15px !important;}&#8221;]<\/p>\n<h1 style=\"font-weight: 500;\n    font-size: 28px;\n    line-height: 30px;\"><strong>ABOUT US<\/strong><\/h1>\n<p>[\/vc_column_text][vc_column_text]<\/p>\n<p style=\"font-size: 17px; line-height: 27px;\">We are a company specialising in the <b>design <\/b>and <b>manufacture of precision mechanical components, tooling and gears. <\/b>For almost <b>thirty years <\/b>we have carefully carried out our work with the help of a <b>well-equipped machine park <\/b>allowing us to perform all the stages of the production cycle, from the initial phase to the final test of the finished product. <b>Care to our customers <\/b>and <b>meeting their needs <\/b>by offering them the <b>highest quality <\/b>on the market are the values underpinning our entire company mission.<\/p>\n<p>[\/vc_column_text][\/vc_column][vc_column width=&#8221;1\/2&#8243;][vc_gallery interval=&#8221;3&#8243; images=&#8221;904,899,906,900,886&#8243; img_size=&#8221;large&#8221;][\/vc_column][\/vc_row][vc_row full_width=&#8221;stretch_row&#8221; parallax=&#8221;content-moving&#8221; parallax_image=&#8221;754&#8243; disable_element=&#8221;yes&#8221;][vc_column width=&#8221;1\/2&#8243;][vc_column_text css=&#8221;.vc_custom_1525167064689{padding-top: 50px !important;}&#8221;]<\/p>\n<h3 style=\"color: #ffffff;\"><strong>MISSION<\/strong><\/h3>\n<p>[\/vc_column_text][vc_column_text css=&#8221;.vc_custom_1525167079053{padding-bottom: 50px !important;}&#8221;]<\/p>\n<p style=\"font-size: 17px; line-height: 27px; color: #ffffff;\">Ascoltare il cliente e rispondere alle sue esigenze offrendogli il massimo della qualit\u00e0 presente sul mercato, \u00e8 il valore alla base di tutta la nostra mission aziendale. La qualit\u00e0 del prodotto offerto \u00e8 garantita dalla professionalit\u00e0 del nostro personale altamente qualificato e continuamente formato. Questo ci permette di confezionare prodotti \u201ctailor made\u201d realizzati con il supporto di tecnologie all\u2019avanguardia.<\/p>\n<p>[\/vc_column_text][\/vc_column][vc_column width=&#8221;1\/2&#8243;][vc_column_text css=&#8221;.vc_custom_1525167094383{padding-top: 50px !important;}&#8221;]<\/p>\n<h3 style=\"color: #ffffff;\"><strong>VISION<\/strong><\/h3>\n<p>[\/vc_column_text][vc_column_text]<\/p>\n<p style=\"font-size: 17px; line-height: 27px; color: #ffffff;\">Ogni cliente \u00e8 l\u2019ideatore del prodotto richiesto.<br \/>\nOgni prodotto \u00e8 garantito dalla professionalit\u00e0 di chi lo realizza<\/p>\n<p>[\/vc_column_text][\/vc_column][\/vc_row][vc_row disable_element=&#8221;yes&#8221;][vc_column 0=&#8221;&#8221;][vc_column_text]<\/p>\n<h3><strong>CHI SIAMO<\/strong><\/h3>\n<p>[\/vc_column_text][vc_column_text]Sulzer Sud, nata nel 1992 , \u00e8 un&#8217;azienda specializzata nella progettazione e nella costruzione di componenti meccanici di precisione, di attrezzature e di ingranaggi. E\u2019 ubicata nell&#8217;area industriale di Tito Scalo, su una superficie complessiva di 10.000 mq, all&#8217;interno della quale si trova un ampio e attrezzato parco macchine che le consente di realizzare l\u2019intero ciclo produttivo, dalla barra al prodotto finito, comprensivo di fase di collaudo ed emissione di certificato.<\/p>\n<p>Nel corso degli anni, l&#8217;azienda ha formato e specializzato figure professionali di alto profilo, indispensabili alla realizzazione del prodotto finito poich\u00e9 ognuna di esse si occupa di una fase specifica, non realizzabile da altri, e conduce una ben definita macchina utensile con annesse attrezzature di supporto.<\/p>\n<p>La Sulzer Sud non si presenta sul mercato con un prodotto a marchio proprio e non realizza elevati lotti di produzione della stessa tipologia, ma \u00e8 specializzata in una nicchia di mercato, che \u00e8 quella delle costruzioni meccaniche su commessa del cliente, sia a disegno che a campione.<\/p>\n<p>I particolari realizzati ogni giorno sono numerosi, ma ciascuno \u00e8 diverso dall&#8217;altro, poich\u00e9 \u00e8 costituito da pi\u00f9<a href=\"\/fasi-lavoro\/\"> fasi lavorative<\/a> e viene realizzato in piccolissimi lotti che non si ripetono pi\u00f9 di un paio di volte l\u2019anno. Le <a href=\"\/fasi-lavoro\/\">fasi di lavorazione<\/a> da effettuare, in base alle finiture richieste, sulle appropriate macchine utensili e con lo specifico operatore che le conduce e le programma, sono molto complesse e richiedono anni di esperienza e di formazione continua.<\/p>\n<p>I principali clienti di riferimento della Sulzer Sud\u00a0appartengono a diversi settori merceologici e vengono realizzati tutti i ricambi\u00a0per i loro impianti di produzione, nonch\u00e9 i componenti di subfornitura per costruttori di macchine utensili che grazie ad essi assemblano le parti elettromeccaniche e pneumatiche, vendendo in tutto il mondo. Infatti, la mission aziendale si basa proprio sul rapporto con il cliente, rispondendo a tutte le sue esigenze ed offrendogli una qualit\u00e0 totale. A proposito di quest&#8217;ultima, Sulzer Sud si \u00e8 dotata di una certificazione di qualit\u00e0, secondo le norme UNI EN ISO 9001:2000.[\/vc_column_text][\/vc_column][\/vc_row][vc_row full_width=&#8221;stretch_row&#8221; css=&#8221;.vc_custom_1525257444147{padding-top: 40px !important;padding-bottom: 40px !important;background-color: #efefef !important;}&#8221;][vc_column][vc_column_text css=&#8221;.vc_custom_1629907726674{padding-bottom: 20px !important;}&#8221;]<\/p>\n<h3 style=\"text-align: center;\"><strong>OUR STRENGTHS<\/strong><\/h3>\n<p>[\/vc_column_text][vc_row_inner 0=&#8221;&#8221;][vc_column_inner width=&#8221;1\/3&#8243;][vc_icon icon_fontawesome=&#8221;fa fa-users&#8221; color=&#8221;custom&#8221; size=&#8221;lg&#8221; align=&#8221;center&#8221; custom_color=&#8221;#e5001c&#8221;][vc_column_text 0=&#8221;&#8221;]<\/p>\n<h4 style=\"text-align: center;\"><span style=\"font-weight: 400;\">Highly qualified staff<\/span><\/h4>\n<p>[\/vc_column_text][\/vc_column_inner][vc_column_inner width=&#8221;1\/3&#8243;][vc_icon icon_fontawesome=&#8221;fa fa-desktop&#8221; color=&#8221;custom&#8221; size=&#8221;lg&#8221; align=&#8221;center&#8221; custom_color=&#8221;#e5001c&#8221;][vc_column_text 0=&#8221;&#8221;]<\/p>\n<h4 style=\"text-align: center;\"><span style=\"font-weight: 400;\">State-of-the-art IT tools, management and technical software<\/span><\/h4>\n<p>[\/vc_column_text][\/vc_column_inner][vc_column_inner width=&#8221;1\/3&#8243;][vc_icon icon_fontawesome=&#8221;fa fa-cogs&#8221; color=&#8221;custom&#8221; size=&#8221;lg&#8221; align=&#8221;center&#8221; custom_color=&#8221;#e5001c&#8221;][vc_column_text 0=&#8221;&#8221;]<\/p>\n<h4 style=\"text-align: center;\"><span style=\"font-weight: 400;\">New, high-tech equipment and machinery<\/span><\/h4>\n<p>[\/vc_column_text][\/vc_column_inner][\/vc_row_inner][vc_row_inner 0=&#8221;&#8221;][vc_column_inner width=&#8221;1\/3&#8243;][vc_icon icon_fontawesome=&#8221;fa fa-check-square-o&#8221; color=&#8221;custom&#8221; size=&#8221;lg&#8221; align=&#8221;center&#8221; custom_color=&#8221;#e5001c&#8221;][vc_column_text 0=&#8221;&#8221;]<\/p>\n<h4 style=\"text-align: center;\"><span style=\"font-weight: 400;\">Sophisticated control and testing instruments<\/span><\/h4>\n<p>[\/vc_column_text][\/vc_column_inner][vc_column_inner width=&#8221;1\/3&#8243;][vc_icon icon_fontawesome=&#8221;fa fa-user&#8221; color=&#8221;custom&#8221; size=&#8221;lg&#8221; align=&#8221;center&#8221; custom_color=&#8221;#e5001c&#8221;][vc_column_text 0=&#8221;&#8221;]<\/p>\n<h4 style=\"text-align: center;\"><span style=\"font-weight: 400;\">Maximum customer focus<\/span><\/h4>\n<p>[\/vc_column_text][\/vc_column_inner][vc_column_inner width=&#8221;1\/3&#8243;][vc_icon icon_fontawesome=&#8221;fa fa-crop&#8221; color=&#8221;custom&#8221; size=&#8221;lg&#8221; align=&#8221;center&#8221; custom_color=&#8221;#e5001c&#8221;][vc_column_text 0=&#8221;&#8221;]<\/p>\n<h4 style=\"text-align: center;\"><span style=\"font-weight: 400;\">Tailor-made products<\/span><\/h4>\n<p>[\/vc_column_text][\/vc_column_inner][\/vc_row_inner][\/vc_column][\/vc_row][vc_row full_width=&#8221;stretch_row_content&#8221; content_placement=&#8221;middle&#8221; disable_element=&#8221;yes&#8221; css=&#8221;.vc_custom_1525166456549{background-color: #eeee22 !important;}&#8221;][vc_column][vc_column_text]<\/p>\n<h3 style=\"text-align: center;\"><strong>Flessibilit\u00e0, competenza tecnica, avanguardia tecnologica, correttezza personale e rapporti umani: questi i valori aziendali.<\/strong><\/h3>\n<p>[\/vc_column_text][\/vc_column][\/vc_row]<\/p>\n","protected":false},"excerpt":{"rendered":"<p>[vc_row full_width=&#8221;stretch_row_content_no_spaces&#8221; css=&#8221;.vc_custom_1525334762258{margin: 0px !important;border-width: 0px !important;padding: 0px !important;}&#8221;][vc_column css=&#8221;.vc_custom_1525334756751{margin: 0px !important;border-width: 0px !important;padding: 0px !important;}&#8221;][rev_slider_vc alias=&#8221;azienda_en&#8221;][\/vc_column][\/vc_row][vc_row gap=&#8221;20&#8243; css=&#8221;.vc_custom_1525257111085{padding-top: 80px !important;padding-bottom: 60px !important;}&#8221;][vc_column width=&#8221;1\/2&#8243;][vc_column_text css=&#8221;.vc_custom_1629907604354{margin-bottom: 15px<span class=\"excerpt-hellip\"> [\u2026]<\/span><\/p>\n","protected":false},"author":4,"featured_media":0,"parent":0,"menu_order":0,"comment_status":"open","ping_status":"closed","template":"","meta":{"footnotes":""},"class_list":["post-986","page","type-page","status-publish","hentry"],"yoast_head":"<!-- This site is optimized with the Yoast SEO plugin v27.4 - https:\/\/yoast.com\/product\/yoast-seo-wordpress\/ -->\n<title>COMPANY | Sulzer Sud<\/title>\n<meta name=\"robots\" content=\"index, follow, max-snippet:-1, max-image-preview:large, max-video-preview:-1\" \/>\n<link rel=\"canonical\" href=\"https:\/\/www.sulzersud.it\/en\/company\/\" \/>\n<meta property=\"og:locale\" content=\"en_US\" \/>\n<meta property=\"og:type\" content=\"article\" \/>\n<meta property=\"og:title\" content=\"COMPANY | Sulzer Sud\" \/>\n<meta property=\"og:description\" content=\"[vc_row full_width=&#8221;stretch_row_content_no_spaces&#8221; css=&#8221;.vc_custom_1525334762258{margin: 0px !important;border-width: 0px !important;padding: 0px !important;}&#8221;][vc_column css=&#8221;.vc_custom_1525334756751{margin: 0px !important;border-width: 0px !important;padding: 0px !important;}&#8221;][rev_slider_vc alias=&#8221;azienda_en&#8221;][\/vc_column][\/vc_row][vc_row gap=&#8221;20&#8243; css=&#8221;.vc_custom_1525257111085{padding-top: 80px !important;padding-bottom: 60px !important;}&#8221;][vc_column width=&#8221;1\/2&#8243;][vc_column_text css=&#8221;.vc_custom_1629907604354{margin-bottom: 15px [\u2026]\" \/>\n<meta property=\"og:url\" content=\"https:\/\/www.sulzersud.it\/en\/company\/\" \/>\n<meta property=\"og:site_name\" content=\"Sulzer Sud\" \/>\n<meta property=\"article:modified_time\" content=\"2021-11-09T10:34:38+00:00\" \/>\n<meta name=\"twitter:card\" content=\"summary_large_image\" \/>\n<meta name=\"twitter:label1\" content=\"Est. reading time\" \/>\n\t<meta name=\"twitter:data1\" content=\"4 minutes\" \/>\n<script type=\"application\/ld+json\" class=\"yoast-schema-graph\">{\"@context\":\"https:\\\/\\\/schema.org\",\"@graph\":[{\"@type\":\"WebPage\",\"@id\":\"https:\\\/\\\/www.sulzersud.it\\\/en\\\/company\\\/\",\"url\":\"https:\\\/\\\/www.sulzersud.it\\\/en\\\/company\\\/\",\"name\":\"COMPANY | Sulzer Sud\",\"isPartOf\":{\"@id\":\"https:\\\/\\\/www.sulzersud.it\\\/en\\\/#website\"},\"datePublished\":\"2021-09-29T09:22:29+00:00\",\"dateModified\":\"2021-11-09T10:34:38+00:00\",\"breadcrumb\":{\"@id\":\"https:\\\/\\\/www.sulzersud.it\\\/en\\\/company\\\/#breadcrumb\"},\"inLanguage\":\"en-US\",\"potentialAction\":[{\"@type\":\"ReadAction\",\"target\":[\"https:\\\/\\\/www.sulzersud.it\\\/en\\\/company\\\/\"]}]},{\"@type\":\"BreadcrumbList\",\"@id\":\"https:\\\/\\\/www.sulzersud.it\\\/en\\\/company\\\/#breadcrumb\",\"itemListElement\":[{\"@type\":\"ListItem\",\"position\":1,\"name\":\"Home\",\"item\":\"https:\\\/\\\/www.sulzersud.it\\\/en\\\/\"},{\"@type\":\"ListItem\",\"position\":2,\"name\":\"COMPANY\"}]},{\"@type\":\"WebSite\",\"@id\":\"https:\\\/\\\/www.sulzersud.it\\\/en\\\/#website\",\"url\":\"https:\\\/\\\/www.sulzersud.it\\\/en\\\/\",\"name\":\"Sulzer Sud\",\"description\":\"Tutto il mondo \u00e8 un meccanismo. Con noi funziona meglio\",\"publisher\":{\"@id\":\"https:\\\/\\\/www.sulzersud.it\\\/en\\\/#organization\"},\"potentialAction\":[{\"@type\":\"SearchAction\",\"target\":{\"@type\":\"EntryPoint\",\"urlTemplate\":\"https:\\\/\\\/www.sulzersud.it\\\/en\\\/?s={search_term_string}\"},\"query-input\":{\"@type\":\"PropertyValueSpecification\",\"valueRequired\":true,\"valueName\":\"search_term_string\"}}],\"inLanguage\":\"en-US\"},{\"@type\":\"Organization\",\"@id\":\"https:\\\/\\\/www.sulzersud.it\\\/en\\\/#organization\",\"name\":\"Sulzer Sud\",\"url\":\"https:\\\/\\\/www.sulzersud.it\\\/en\\\/\",\"logo\":{\"@type\":\"ImageObject\",\"inLanguage\":\"en-US\",\"@id\":\"https:\\\/\\\/www.sulzersud.it\\\/en\\\/#\\\/schema\\\/logo\\\/image\\\/\",\"url\":\"https:\\\/\\\/www.sulzersud.it\\\/wp-content\\\/uploads\\\/2016\\\/10\\\/logo_sito.png\",\"contentUrl\":\"https:\\\/\\\/www.sulzersud.it\\\/wp-content\\\/uploads\\\/2016\\\/10\\\/logo_sito.png\",\"width\":1016,\"height\":338,\"caption\":\"Sulzer Sud\"},\"image\":{\"@id\":\"https:\\\/\\\/www.sulzersud.it\\\/en\\\/#\\\/schema\\\/logo\\\/image\\\/\"}}]}<\/script>\n<!-- \/ Yoast SEO plugin. -->","yoast_head_json":{"title":"COMPANY | Sulzer Sud","robots":{"index":"index","follow":"follow","max-snippet":"max-snippet:-1","max-image-preview":"max-image-preview:large","max-video-preview":"max-video-preview:-1"},"canonical":"https:\/\/www.sulzersud.it\/en\/company\/","og_locale":"en_US","og_type":"article","og_title":"COMPANY | Sulzer Sud","og_description":"[vc_row full_width=&#8221;stretch_row_content_no_spaces&#8221; css=&#8221;.vc_custom_1525334762258{margin: 0px !important;border-width: 0px !important;padding: 0px !important;}&#8221;][vc_column css=&#8221;.vc_custom_1525334756751{margin: 0px !important;border-width: 0px !important;padding: 0px !important;}&#8221;][rev_slider_vc alias=&#8221;azienda_en&#8221;][\/vc_column][\/vc_row][vc_row gap=&#8221;20&#8243; css=&#8221;.vc_custom_1525257111085{padding-top: 80px !important;padding-bottom: 60px !important;}&#8221;][vc_column width=&#8221;1\/2&#8243;][vc_column_text css=&#8221;.vc_custom_1629907604354{margin-bottom: 15px [\u2026]","og_url":"https:\/\/www.sulzersud.it\/en\/company\/","og_site_name":"Sulzer Sud","article_modified_time":"2021-11-09T10:34:38+00:00","twitter_card":"summary_large_image","twitter_misc":{"Est. reading time":"4 minutes"},"schema":{"@context":"https:\/\/schema.org","@graph":[{"@type":"WebPage","@id":"https:\/\/www.sulzersud.it\/en\/company\/","url":"https:\/\/www.sulzersud.it\/en\/company\/","name":"COMPANY | Sulzer Sud","isPartOf":{"@id":"https:\/\/www.sulzersud.it\/en\/#website"},"datePublished":"2021-09-29T09:22:29+00:00","dateModified":"2021-11-09T10:34:38+00:00","breadcrumb":{"@id":"https:\/\/www.sulzersud.it\/en\/company\/#breadcrumb"},"inLanguage":"en-US","potentialAction":[{"@type":"ReadAction","target":["https:\/\/www.sulzersud.it\/en\/company\/"]}]},{"@type":"BreadcrumbList","@id":"https:\/\/www.sulzersud.it\/en\/company\/#breadcrumb","itemListElement":[{"@type":"ListItem","position":1,"name":"Home","item":"https:\/\/www.sulzersud.it\/en\/"},{"@type":"ListItem","position":2,"name":"COMPANY"}]},{"@type":"WebSite","@id":"https:\/\/www.sulzersud.it\/en\/#website","url":"https:\/\/www.sulzersud.it\/en\/","name":"Sulzer Sud","description":"Tutto il mondo \u00e8 un meccanismo. Con noi funziona meglio","publisher":{"@id":"https:\/\/www.sulzersud.it\/en\/#organization"},"potentialAction":[{"@type":"SearchAction","target":{"@type":"EntryPoint","urlTemplate":"https:\/\/www.sulzersud.it\/en\/?s={search_term_string}"},"query-input":{"@type":"PropertyValueSpecification","valueRequired":true,"valueName":"search_term_string"}}],"inLanguage":"en-US"},{"@type":"Organization","@id":"https:\/\/www.sulzersud.it\/en\/#organization","name":"Sulzer Sud","url":"https:\/\/www.sulzersud.it\/en\/","logo":{"@type":"ImageObject","inLanguage":"en-US","@id":"https:\/\/www.sulzersud.it\/en\/#\/schema\/logo\/image\/","url":"https:\/\/www.sulzersud.it\/wp-content\/uploads\/2016\/10\/logo_sito.png","contentUrl":"https:\/\/www.sulzersud.it\/wp-content\/uploads\/2016\/10\/logo_sito.png","width":1016,"height":338,"caption":"Sulzer Sud"},"image":{"@id":"https:\/\/www.sulzersud.it\/en\/#\/schema\/logo\/image\/"}}]}},"_links":{"self":[{"href":"https:\/\/www.sulzersud.it\/en\/wp-json\/wp\/v2\/pages\/986","targetHints":{"allow":["GET"]}}],"collection":[{"href":"https:\/\/www.sulzersud.it\/en\/wp-json\/wp\/v2\/pages"}],"about":[{"href":"https:\/\/www.sulzersud.it\/en\/wp-json\/wp\/v2\/types\/page"}],"author":[{"embeddable":true,"href":"https:\/\/www.sulzersud.it\/en\/wp-json\/wp\/v2\/users\/4"}],"replies":[{"embeddable":true,"href":"https:\/\/www.sulzersud.it\/en\/wp-json\/wp\/v2\/comments?post=986"}],"version-history":[{"count":11,"href":"https:\/\/www.sulzersud.it\/en\/wp-json\/wp\/v2\/pages\/986\/revisions"}],"predecessor-version":[{"id":1124,"href":"https:\/\/www.sulzersud.it\/en\/wp-json\/wp\/v2\/pages\/986\/revisions\/1124"}],"wp:attachment":[{"href":"https:\/\/www.sulzersud.it\/en\/wp-json\/wp\/v2\/media?parent=986"}],"curies":[{"name":"wp","href":"https:\/\/api.w.org\/{rel}","templated":true}]}}